{"id":41,"date":"2013-02-25T14:53:37","date_gmt":"2013-02-25T12:53:37","guid":{"rendered":"http:\/\/suevia-graz.at\/wordpress\/?page_id=41"},"modified":"2016-01-10T15:56:01","modified_gmt":"2016-01-10T14:56:01","slug":"gastebuch","status":"publish","type":"page","link":"http:\/\/www.suevia-graz.at\/?page_id=41","title":{"rendered":"Lageplan"},"content":{"rendered":"<p>Unsere Bude ist nur wenige Gehminuten vom Grazer Jakominiplatz entfernt und befindet sich in unmittelbarer N\u00e4he der Handelsakademie und -schule Grazbachgasse.<\/p>\n<p>Mit dem Bus der Graz Linien, sind wir mit der Linie 34 erreichbar. Die Haltestelle &#8222;Museum der Wahrnehmung&#8220; ist circa hundert Meter von unserem Vereinsheim entfernt.<\/p>\n<p>Parkpl\u00e4tze (blaue Zone) f\u00fcr Autos und Zweir\u00e4der befinden sich direkt vor dem Haus.<\/p>\n<p><iframe loading=\"lazy\" src=\"https:\/\/www.google.com\/maps\/embed?pb=!1m18!1m12!1m3!1d2717.9123734530285!2d15.43647111582332!3d47.06156923346126!2m3!1f0!2f0!3f0!3m2!1i1024!2i768!4f13.1!3m3!1m2!1s0x476e3562ccbb7cdd%3A0x4b03eaa81d1b4628!2scons.+V*21+Suevia+zu+Graz!5e0!3m2!1sde!2sat!4v1452437722952\" width=\"450\" height=\"450\" frameborder=\"0\" style=\"border:0\" allowfullscreen><\/iframe><\/p>\n","protected":false},"excerpt":{"rendered":"<p>Unsere Bude ist nur wenige Gehminuten vom Grazer Jakominiplatz entfernt und befindet sich in unmittelbarer N\u00e4he der Handelsakademie und -schule Grazbachgasse. Mit dem Bus der Graz Linien, sind wir mit [&hellip;]<\/p>\n","protected":false},"author":1,"featured_media":0,"parent":0,"menu_order":0,"comment_status":"closed","ping_status":"closed","template":"","meta":{"ngg_post_thumbnail":0,"footnotes":""},"class_list":["post-41","page","type-page","status-publish","hentry"],"aioseo_notices":[],"_links":{"self":[{"href":"http:\/\/www.suevia-graz.at\/index.php?rest_route=\/wp\/v2\/pages\/41","targetHints":{"allow":["GET"]}}],"collection":[{"href":"http:\/\/www.suevia-graz.at\/index.php?rest_route=\/wp\/v2\/pages"}],"about":[{"href":"http:\/\/www.suevia-graz.at\/index.php?rest_route=\/wp\/v2\/types\/page"}],"author":[{"embeddable":true,"href":"http:\/\/www.suevia-graz.at\/index.php?rest_route=\/wp\/v2\/users\/1"}],"replies":[{"embeddable":true,"href":"http:\/\/www.suevia-graz.at\/index.php?rest_route=%2Fwp%2Fv2%2Fcomments&post=41"}],"version-history":[{"count":0,"href":"http:\/\/www.suevia-graz.at\/index.php?rest_route=\/wp\/v2\/pages\/41\/revisions"}],"wp:attachment":[{"href":"http:\/\/www.suevia-graz.at\/index.php?rest_route=%2Fwp%2Fv2%2Fmedia&parent=41"}],"curies":[{"name":"wp","href":"https:\/\/api.w.org\/{rel}","templated":true}]}}