{"id":823,"date":"2026-05-03T18:31:53","date_gmt":"2026-05-03T16:31:53","guid":{"rendered":"http:\/\/www.suevia-graz.at\/?page_id=823"},"modified":"2026-05-03T18:50:22","modified_gmt":"2026-05-03T16:50:22","slug":"datenschutzerklaerung","status":"publish","type":"page","link":"http:\/\/www.suevia-graz.at\/?page_id=823","title":{"rendered":"Datenschutzerkl\u00e4rung"},"content":{"rendered":"\n<p>Der Schutz Ihrer pers\u00f6nlichen Daten ist uns ein besonderes Anliegen. Wir verarbeiten Ihre Daten daher ausschlie\u00dflich auf Grundlage der gesetzlichen Bestimmungen (DSGVO, DSG, TKG).<\/p>\n\n\n\n<p>In dieser Datenschutzerkl\u00e4rung informieren wir Sie \u00fcber die wichtigsten Aspekte der Datenverarbeitung im Rahmen unserer Website.<\/p>\n\n\n\n<p>1. Verantwortlicher<\/p>\n\n\n\n<p>cons. Verbindung Suevia zu Graz&nbsp;<br \/>Wielandgasse 37&nbsp;<br \/>8010 Graz&nbsp;<br \/>\u00d6sterreich&nbsp;<\/p>\n\n\n\n<p>E-Mail: kontakt@suevia-graz.at\u00a0<\/p>\n\n\n\n<p>2. Erhebung und Verarbeitung personenbezogener Daten<\/p>\n\n\n\n<p>Beim Besuch unserer Website werden automatisch Informationen allgemeiner Natur erfasst. Diese beinhalten insbesondere:<\/p>\n\n\n\n<p>&#8211; IP-Adresse&nbsp;<br \/>&#8211; Datum und Uhrzeit des Zugriffs&nbsp;<br \/>&#8211; aufgerufene Seite&nbsp;<br \/>&#8211; Browsertyp und -version&nbsp;<br \/>&#8211; Betriebssystem&nbsp;<\/p>\n\n\n\n<p>Diese Daten sind technisch erforderlich, um die Website korrekt darzustellen und deren Sicherheit zu gew\u00e4hrleisten.<\/p>\n\n\n\n<p>Die Verarbeitung erfolgt auf Grundlage des berechtigten Interesses gem\u00e4\u00df Art. 6 Abs. 1 lit. f DSGVO.<\/p>\n\n\n\n<p>3. Kontaktaufnahme<\/p>\n\n\n\n<p>Wenn Sie per E-Mail oder \u00fcber ein Kontaktformular Kontakt mit uns aufnehmen, werden Ihre angegebenen Daten (z.\u202fB. Name, E-Mail-Adresse, Nachricht) zwecks Bearbeitung der Anfrage und f\u00fcr den Fall von Anschlussfragen bei uns gespeichert.<\/p>\n\n\n\n<p>Die Verarbeitung erfolgt auf Grundlage von Art. 6 Abs. 1 lit. b DSGVO (vorvertragliche Ma\u00dfnahmen) sowie Art. 6 Abs. 1 lit. f DSGVO (berechtigtes Interesse).<\/p>\n\n\n\n<p>Diese Daten geben wir nicht ohne Ihre Einwilligung weiter.<\/p>\n\n\n\n<p>4. Cookies<\/p>\n\n\n\n<p>Unsere Website verwendet Cookies.<\/p>\n\n\n\n<p>Cookies sind kleine Textdateien, die auf Ihrem Endger\u00e4t gespeichert werden und keinen Schaden anrichten.<\/p>\n\n\n\n<p>Ein Teil der Cookies ist technisch notwendig, um den Betrieb der Website sicherzustellen.<\/p>\n\n\n\n<p>Andere Cookies (z.\u202fB. f\u00fcr Analysezwecke) werden nur mit Ihrer ausdr\u00fccklichen Einwilligung gesetzt.<\/p>\n\n\n\n<p>5. Datenspeicherung<\/p>\n\n\n\n<p>Die von Ihnen bereitgestellten Daten werden nur so lange gespeichert, wie dies zur Erf\u00fcllung der jeweiligen Zwecke erforderlich ist oder gesetzliche Aufbewahrungspflichten bestehen.<\/p>\n\n\n\n<p>6. Ihre Rechte<\/p>\n\n\n\n<p>Ihnen stehen grunds\u00e4tzlich folgende Rechte zu:<\/p>\n\n\n\n<p>&#8211; Recht auf Auskunft (Art. 15 DSGVO)&nbsp;<br \/>&#8211; Recht auf Berichtigung (Art. 16 DSGVO)&nbsp;<br \/>&#8211; Recht auf L\u00f6schung (Art. 17 DSGVO)&nbsp;<br \/>&#8211; Recht auf Einschr\u00e4nkung der Verarbeitung (Art. 18 DSGVO)&nbsp;<br \/>&#8211; Recht auf Daten\u00fcbertragbarkeit (Art. 20 DSGVO)&nbsp;<br \/>&#8211; Recht auf Widerspruch (Art. 21 DSGVO)&nbsp;<\/p>\n\n\n\n<p>Wenn Sie glauben, dass die Verarbeitung Ihrer Daten gegen das Datenschutzrecht verst\u00f6\u00dft, k\u00f6nnen Sie sich bei uns oder bei der Datenschutzbeh\u00f6rde beschweren.<\/p>\n\n\n\n<p>7. Beschwerderecht<\/p>\n\n\n\n<p>\u00d6sterreichische Datenschutzbeh\u00f6rde&nbsp;<br \/>Barichgasse 40\u201342&nbsp;<br \/>1030 Wien&nbsp;<br \/>E-Mail: dsb@dsb.gv.at&nbsp;<\/p>\n\n\n\n<p>8. Datensicherheit<\/p>\n\n\n\n<p>Wir setzen technische und organisatorische Sicherheitsma\u00dfnahmen ein, um Ihre Daten gegen Manipulation, Verlust oder unbefugten Zugriff zu sch\u00fctzen.<\/p>\n\n\n\n<p>9. \u00c4nderungen dieser Datenschutzerkl\u00e4rung<\/p>\n\n\n\n<p>Wir behalten uns vor, diese Datenschutzerkl\u00e4rung bei Bedarf anzupassen, damit sie stets den aktuellen rechtlichen Anforderungen entspricht.<\/p>\n","protected":false},"excerpt":{"rendered":"<p>Der Schutz Ihrer pers\u00f6nlichen Daten ist uns ein besonderes Anliegen. Wir verarbeiten Ihre Daten daher ausschlie\u00dflich auf Grundlage der gesetzlichen Bestimmungen (DSGVO, DSG, TKG). In dieser Datenschutzerkl\u00e4rung informieren wir Sie [&hellip;]<\/p>\n","protected":false},"author":1,"featured_media":0,"parent":0,"menu_order":0,"comment_status":"closed","ping_status":"closed","template":"","meta":{"footnotes":""},"class_list":["post-823","page","type-page","status-publish","hentry"],"_links":{"self":[{"href":"http:\/\/www.suevia-graz.at\/index.php?rest_route=\/wp\/v2\/pages\/823","targetHints":{"allow":["GET"]}}],"collection":[{"href":"http:\/\/www.suevia-graz.at\/index.php?rest_route=\/wp\/v2\/pages"}],"about":[{"href":"http:\/\/www.suevia-graz.at\/index.php?rest_route=\/wp\/v2\/types\/page"}],"author":[{"embeddable":true,"href":"http:\/\/www.suevia-graz.at\/index.php?rest_route=\/wp\/v2\/users\/1"}],"replies":[{"embeddable":true,"href":"http:\/\/www.suevia-graz.at\/index.php?rest_route=%2Fwp%2Fv2%2Fcomments&post=823"}],"version-history":[{"count":4,"href":"http:\/\/www.suevia-graz.at\/index.php?rest_route=\/wp\/v2\/pages\/823\/revisions"}],"predecessor-version":[{"id":832,"href":"http:\/\/www.suevia-graz.at\/index.php?rest_route=\/wp\/v2\/pages\/823\/revisions\/832"}],"wp:attachment":[{"href":"http:\/\/www.suevia-graz.at\/index.php?rest_route=%2Fwp%2Fv2%2Fmedia&parent=823"}],"curies":[{"name":"wp","href":"https:\/\/api.w.org\/{rel}","templated":true}]}}